{"id":3046,"date":"2020-11-04T15:32:42","date_gmt":"2020-11-04T15:32:42","guid":{"rendered":"https:\/\/autoescolasabat.com\/?page_id=3046"},"modified":"2020-11-04T15:38:46","modified_gmt":"2020-11-04T15:38:46","slug":"politica-de-cookies","status":"publish","type":"page","link":"https:\/\/autoescolasabat.com\/es\/politica-de-cookies\/","title":{"rendered":"Pol\u00edtica de cookies"},"content":{"rendered":"\t\t<div data-elementor-type=\"wp-page\" data-elementor-id=\"3046\" class=\"elementor elementor-3046\" data-elementor-settings=\"[]\">\n\t\t\t\t\t\t<div class=\"elementor-inner\">\n\t\t\t\t\t\t\t<div class=\"elementor-section-wrap\">\n\t\t\t\t\t\t\t<section class=\"elementor-section elementor-top-section elementor-element elementor-element-96fa71f elementor-section-boxed elementor-section-height-default elementor-section-height-default\" data-id=\"96fa71f\" data-element_type=\"section\">\n\t\t\t\t\t\t<div class=\"elementor-container elementor-column-gap-default\">\n\t\t\t\t\t\t\t<div class=\"elementor-row\">\n\t\t\t\t\t<div class=\"elementor-column elementor-col-100 elementor-top-column elementor-element elementor-element-ff8017a\" data-id=\"ff8017a\" data-element_type=\"column\">\n\t\t\t<div class=\"elementor-column-wrap elementor-element-populated\">\n\t\t\t\t\t\t\t<div class=\"elementor-widget-wrap\">\n\t\t\t\t\t\t<div class=\"elementor-element elementor-element-d5d9857 elementor-widget elementor-widget-heading\" data-id=\"d5d9857\" data-element_type=\"widget\" data-widget_type=\"heading.default\">\n\t\t\t\t<div class=\"elementor-widget-container\">\n\t\t\t<h2 class=\"elementor-heading-title elementor-size-default\">Pol\u00edtica de cookies<\/h2>\t\t<\/div>\n\t\t\t\t<\/div>\n\t\t\t\t\t\t<\/div>\n\t\t\t\t\t<\/div>\n\t\t<\/div>\n\t\t\t\t\t\t\t\t<\/div>\n\t\t\t\t\t<\/div>\n\t\t<\/section>\n\t\t\t\t<section class=\"elementor-section elementor-top-section elementor-element elementor-element-2eccc8e elementor-section-boxed elementor-section-height-default elementor-section-height-default\" data-id=\"2eccc8e\" data-element_type=\"section\">\n\t\t\t\t\t\t<div class=\"elementor-container elementor-column-gap-default\">\n\t\t\t\t\t\t\t<div class=\"elementor-row\">\n\t\t\t\t\t<div class=\"elementor-column elementor-col-100 elementor-top-column elementor-element elementor-element-e849db5\" data-id=\"e849db5\" data-element_type=\"column\">\n\t\t\t<div class=\"elementor-column-wrap elementor-element-populated\">\n\t\t\t\t\t\t\t<div class=\"elementor-widget-wrap\">\n\t\t\t\t\t\t<div class=\"elementor-element elementor-element-d3bcde2 elementor-widget elementor-widget-text-editor\" data-id=\"d3bcde2\" data-element_type=\"widget\" data-widget_type=\"text-editor.default\">\n\t\t\t\t<div class=\"elementor-widget-container\">\n\t\t\t\t\t\t\t\t<div class=\"elementor-text-editor elementor-clearfix\">\n\t\t\t\t<p>En cuanto a la pol\u00edtica de cookies de la web, en caso de que la p\u00e1gina web disponga de ellas y \u00e9stas no sean inherentes al funcionamiento de la WEB o como as\u00ed refiere el mencionado apartado 2 del art\u00edculo 22 LSSI \u201cal solo fin de efectuar la transmisi\u00f3n de una comunicaci\u00f3n por una red de comunicaciones electr\u00f3nica\u201d:<\/p><p>Una cookie es un archivo de informaci\u00f3n que el servidor de este sitio web env\u00eda al dispositivo (ordenador, smartphone, tablet, etc.) de quien accede a la p\u00e1gina para almacenar y recuperar informaci\u00f3n sobre la navegaci\u00f3n que se efect\u00faa desde dicho equipo.<\/p><p>Sabat Achon, Josep utiliza diversos tipos de cookies (t\u00e9cnicas, anal\u00edticas y sociales) \u00fanicamente con la finalidad de mejorar la navegaci\u00f3n del usuario en el sitio web, sin ning\u00fan tipo de objeto publicitario o similar. Sabat Achon, Josep, a trav\u00e9s de las cookies no recoge dato personal alguno. Todas las cookies, salvo las utilizadas por el sistema de estad\u00edsticas Google Analytics son temporales y desaparecen al concluir la sesi\u00f3n.<\/p><p>El usuario podr\u00e1, en cualquier momento, elegir qu\u00e9 cookies quiere que funcionen en este sitio web mediante:<\/p><p>a) La configuraci\u00f3n del navegador; (indicar enlace en cada navegador para habilitar o deshabilitar cookies)<\/p><p>b) Herramientas de terceros, disponibles online, que permiten a los usuarios detectar las cookies en cada sitio web que visita y gestionar su desactivaci\u00f3n.<\/p><p>Ni esta web, ni sus representantes legales se hacen responsables ni del contenido ni de la veracidad de las pol\u00edticas de privacidad que puedan tener los terceros mencionados en esta pol\u00edtica de cookies.<\/p><p>La aceptaci\u00f3n de la presente pol\u00edtica implica que el usuario ha sido informado de una forma clara y completa sobre el uso de dispositivos de almacenamiento y recuperaci\u00f3n de datos (cookies) as\u00ed como que Sabat Achon, Josep dispone del consentimiento del usuario para el uso de las mismas tal y como establece el art\u00edculo 22 de la Ley 34\/2002, de 11 de julio, de Servicios de la Sociedad de la Informaci\u00f3n y Comercio Electr\u00f3nico (LSSI-CE).<\/p>\t\t\t\t\t<\/div>\n\t\t\t\t\t\t<\/div>\n\t\t\t\t<\/div>\n\t\t\t\t\t\t<\/div>\n\t\t\t\t\t<\/div>\n\t\t<\/div>\n\t\t\t\t\t\t\t\t<\/div>\n\t\t\t\t\t<\/div>\n\t\t<\/section>\n\t\t\t\t\t\t<\/div>\n\t\t\t\t\t\t<\/div>\n\t\t\t\t\t<\/div>\n\t\t","protected":false},"excerpt":{"rendered":"<p>Pol\u00edtica de cookies En cuanto a la pol\u00edtica de cookies de la web, en caso de que la p\u00e1gina web disponga de ellas y \u00e9stas no sean inherentes al funcionamiento de la WEB o como as\u00ed refiere el mencionado apartado 2 del art\u00edculo 22 LSSI \u201cal solo fin de efectuar [&hellip;]<\/p>\n","protected":false},"author":1,"featured_media":0,"parent":0,"menu_order":0,"comment_status":"closed","ping_status":"closed","template":"","meta":{"footnotes":""},"class_list":["post-3046","page","type-page","status-publish","hentry"],"yoast_head":"<!-- This site is optimized with the Yoast SEO plugin v26.6 - https:\/\/yoast.com\/wordpress\/plugins\/seo\/ -->\n<title>Pol\u00edtica de cookies - Autoescuela Sabat<\/title>\n<meta name=\"robots\" content=\"index, follow, max-snippet:-1, max-image-preview:large, max-video-preview:-1\" \/>\n<link rel=\"canonical\" href=\"https:\/\/autoescolasabat.com\/es\/politica-de-cookies\/\" \/>\n<meta property=\"og:locale\" content=\"es_ES\" \/>\n<meta property=\"og:type\" content=\"article\" \/>\n<meta property=\"og:title\" content=\"Pol\u00edtica de cookies - Autoescuela Sabat\" \/>\n<meta property=\"og:description\" content=\"Pol\u00edtica de cookies En cuanto a la pol\u00edtica de cookies de la web, en caso de que la p\u00e1gina web disponga de ellas y \u00e9stas no sean inherentes al funcionamiento de la WEB o como as\u00ed refiere el mencionado apartado 2 del art\u00edculo 22 LSSI \u201cal solo fin de efectuar [&hellip;]\" \/>\n<meta property=\"og:url\" content=\"https:\/\/autoescolasabat.com\/es\/politica-de-cookies\/\" \/>\n<meta property=\"og:site_name\" content=\"Autoescuela Sabat\" \/>\n<meta property=\"article:modified_time\" content=\"2020-11-04T15:38:46+00:00\" \/>\n<meta name=\"twitter:card\" content=\"summary_large_image\" \/>\n<meta name=\"twitter:label1\" content=\"Tiempo de lectura\" \/>\n\t<meta name=\"twitter:data1\" content=\"2 minutos\" \/>\n<script type=\"application\/ld+json\" class=\"yoast-schema-graph\">{\"@context\":\"https:\/\/schema.org\",\"@graph\":[{\"@type\":\"WebPage\",\"@id\":\"https:\/\/autoescolasabat.com\/es\/politica-de-cookies\/\",\"url\":\"https:\/\/autoescolasabat.com\/es\/politica-de-cookies\/\",\"name\":\"Pol\u00edtica de cookies - Autoescuela Sabat\",\"isPartOf\":{\"@id\":\"https:\/\/autoescolasabat.com\/#website\"},\"datePublished\":\"2020-11-04T15:32:42+00:00\",\"dateModified\":\"2020-11-04T15:38:46+00:00\",\"breadcrumb\":{\"@id\":\"https:\/\/autoescolasabat.com\/es\/politica-de-cookies\/#breadcrumb\"},\"inLanguage\":\"es\",\"potentialAction\":[{\"@type\":\"ReadAction\",\"target\":[\"https:\/\/autoescolasabat.com\/es\/politica-de-cookies\/\"]}]},{\"@type\":\"BreadcrumbList\",\"@id\":\"https:\/\/autoescolasabat.com\/es\/politica-de-cookies\/#breadcrumb\",\"itemListElement\":[{\"@type\":\"ListItem\",\"position\":1,\"name\":\"Portada\",\"item\":\"https:\/\/autoescolasabat.com\/es\/inicio\/\"},{\"@type\":\"ListItem\",\"position\":2,\"name\":\"Pol\u00edtica de cookies\"}]},{\"@type\":\"WebSite\",\"@id\":\"https:\/\/autoescolasabat.com\/#website\",\"url\":\"https:\/\/autoescolasabat.com\/\",\"name\":\"Autoescuela Sabat\",\"description\":\"Autoescuela en Tarragona\",\"publisher\":{\"@id\":\"https:\/\/autoescolasabat.com\/#organization\"},\"potentialAction\":[{\"@type\":\"SearchAction\",\"target\":{\"@type\":\"EntryPoint\",\"urlTemplate\":\"https:\/\/autoescolasabat.com\/?s={search_term_string}\"},\"query-input\":{\"@type\":\"PropertyValueSpecification\",\"valueRequired\":true,\"valueName\":\"search_term_string\"}}],\"inLanguage\":\"es\"},{\"@type\":\"Organization\",\"@id\":\"https:\/\/autoescolasabat.com\/#organization\",\"name\":\"Autoescuela Sabat\",\"url\":\"https:\/\/autoescolasabat.com\/\",\"logo\":{\"@type\":\"ImageObject\",\"inLanguage\":\"es\",\"@id\":\"https:\/\/autoescolasabat.com\/#\/schema\/logo\/image\/\",\"url\":\"https:\/\/autoescolasabat.com\/wp-content\/uploads\/2020\/09\/autoescuela_sabat_logo.png\",\"contentUrl\":\"https:\/\/autoescolasabat.com\/wp-content\/uploads\/2020\/09\/autoescuela_sabat_logo.png\",\"width\":260,\"height\":100,\"caption\":\"Autoescuela Sabat\"},\"image\":{\"@id\":\"https:\/\/autoescolasabat.com\/#\/schema\/logo\/image\/\"}}]}<\/script>\n<!-- \/ Yoast SEO plugin. -->","yoast_head_json":{"title":"Pol\u00edtica de cookies - Autoescuela Sabat","robots":{"index":"index","follow":"follow","max-snippet":"max-snippet:-1","max-image-preview":"max-image-preview:large","max-video-preview":"max-video-preview:-1"},"canonical":"https:\/\/autoescolasabat.com\/es\/politica-de-cookies\/","og_locale":"es_ES","og_type":"article","og_title":"Pol\u00edtica de cookies - Autoescuela Sabat","og_description":"Pol\u00edtica de cookies En cuanto a la pol\u00edtica de cookies de la web, en caso de que la p\u00e1gina web disponga de ellas y \u00e9stas no sean inherentes al funcionamiento de la WEB o como as\u00ed refiere el mencionado apartado 2 del art\u00edculo 22 LSSI \u201cal solo fin de efectuar [&hellip;]","og_url":"https:\/\/autoescolasabat.com\/es\/politica-de-cookies\/","og_site_name":"Autoescuela Sabat","article_modified_time":"2020-11-04T15:38:46+00:00","twitter_card":"summary_large_image","twitter_misc":{"Tiempo de lectura":"2 minutos"},"schema":{"@context":"https:\/\/schema.org","@graph":[{"@type":"WebPage","@id":"https:\/\/autoescolasabat.com\/es\/politica-de-cookies\/","url":"https:\/\/autoescolasabat.com\/es\/politica-de-cookies\/","name":"Pol\u00edtica de cookies - Autoescuela Sabat","isPartOf":{"@id":"https:\/\/autoescolasabat.com\/#website"},"datePublished":"2020-11-04T15:32:42+00:00","dateModified":"2020-11-04T15:38:46+00:00","breadcrumb":{"@id":"https:\/\/autoescolasabat.com\/es\/politica-de-cookies\/#breadcrumb"},"inLanguage":"es","potentialAction":[{"@type":"ReadAction","target":["https:\/\/autoescolasabat.com\/es\/politica-de-cookies\/"]}]},{"@type":"BreadcrumbList","@id":"https:\/\/autoescolasabat.com\/es\/politica-de-cookies\/#breadcrumb","itemListElement":[{"@type":"ListItem","position":1,"name":"Portada","item":"https:\/\/autoescolasabat.com\/es\/inicio\/"},{"@type":"ListItem","position":2,"name":"Pol\u00edtica de cookies"}]},{"@type":"WebSite","@id":"https:\/\/autoescolasabat.com\/#website","url":"https:\/\/autoescolasabat.com\/","name":"Autoescuela Sabat","description":"Autoescuela en Tarragona","publisher":{"@id":"https:\/\/autoescolasabat.com\/#organization"},"potentialAction":[{"@type":"SearchAction","target":{"@type":"EntryPoint","urlTemplate":"https:\/\/autoescolasabat.com\/?s={search_term_string}"},"query-input":{"@type":"PropertyValueSpecification","valueRequired":true,"valueName":"search_term_string"}}],"inLanguage":"es"},{"@type":"Organization","@id":"https:\/\/autoescolasabat.com\/#organization","name":"Autoescuela Sabat","url":"https:\/\/autoescolasabat.com\/","logo":{"@type":"ImageObject","inLanguage":"es","@id":"https:\/\/autoescolasabat.com\/#\/schema\/logo\/image\/","url":"https:\/\/autoescolasabat.com\/wp-content\/uploads\/2020\/09\/autoescuela_sabat_logo.png","contentUrl":"https:\/\/autoescolasabat.com\/wp-content\/uploads\/2020\/09\/autoescuela_sabat_logo.png","width":260,"height":100,"caption":"Autoescuela Sabat"},"image":{"@id":"https:\/\/autoescolasabat.com\/#\/schema\/logo\/image\/"}}]}},"_links":{"self":[{"href":"https:\/\/autoescolasabat.com\/es\/wp-json\/wp\/v2\/pages\/3046","targetHints":{"allow":["GET"]}}],"collection":[{"href":"https:\/\/autoescolasabat.com\/es\/wp-json\/wp\/v2\/pages"}],"about":[{"href":"https:\/\/autoescolasabat.com\/es\/wp-json\/wp\/v2\/types\/page"}],"author":[{"embeddable":true,"href":"https:\/\/autoescolasabat.com\/es\/wp-json\/wp\/v2\/users\/1"}],"replies":[{"embeddable":true,"href":"https:\/\/autoescolasabat.com\/es\/wp-json\/wp\/v2\/comments?post=3046"}],"version-history":[{"count":4,"href":"https:\/\/autoescolasabat.com\/es\/wp-json\/wp\/v2\/pages\/3046\/revisions"}],"predecessor-version":[{"id":3050,"href":"https:\/\/autoescolasabat.com\/es\/wp-json\/wp\/v2\/pages\/3046\/revisions\/3050"}],"wp:attachment":[{"href":"https:\/\/autoescolasabat.com\/es\/wp-json\/wp\/v2\/media?parent=3046"}],"curies":[{"name":"wp","href":"https:\/\/api.w.org\/{rel}","templated":true}]}}